{"id":2,"date":"2019-05-12T19:42:44","date_gmt":"2019-05-12T17:42:44","guid":{"rendered":"http:\/\/lecarreblanc90.fr\/2019\/?page_id=2"},"modified":"2025-07-17T14:47:40","modified_gmt":"2025-07-17T12:47:40","slug":"programme","status":"publish","type":"page","link":"http:\/\/lecarreblanc90.fr\/2019\/programme\/","title":{"rendered":"Programme"},"content":{"rendered":"\n<p class=\"has-text-align-center\" style=\"font-size:30px\">Fermeture d\u00e9finitive de l\u2019\u00e9tablissement<\/p>\n\n\n\n<p class=\"has-text-align-center\">(Information \u00e0 confirmer , le propri\u00e9taire en r\u00e9pondant ni aux mails, ni aux SMS)<\/p>\n\n\n<div class=\"wp-block-image\">\n<figure class=\"aligncenter size-full is-resized\"><img loading=\"lazy\" decoding=\"async\" width=\"616\" height=\"800\" src=\"http:\/\/lecarreblanc90.fr\/2019\/wp-content\/uploads\/2025\/02\/07_closed.jpg\" alt=\"\" class=\"wp-image-2845\" style=\"width:600px\" srcset=\"http:\/\/lecarreblanc90.fr\/2019\/wp-content\/uploads\/2025\/02\/07_closed.jpg 616w, http:\/\/lecarreblanc90.fr\/2019\/wp-content\/uploads\/2025\/02\/07_closed-231x300.jpg 231w\" sizes=\"auto, (max-width: 616px) 100vw, 616px\" \/><\/figure>\n<\/div>\n\n\n<p class=\"has-text-align-center\" style=\"font-size:30px\"><\/p>\n","protected":false},"excerpt":{"rendered":"<p>Fermeture d\u00e9finitive de l\u2019\u00e9tablissement (Information \u00e0 confirmer , le propri\u00e9taire en r\u00e9pondant ni aux mails, ni aux SMS)<\/p>\n","protected":false},"author":1,"featured_media":0,"parent":0,"menu_order":0,"comment_status":"closed","ping_status":"open","template":"","meta":{"footnotes":""},"class_list":["post-2","page","type-page","status-publish","hentry"],"_links":{"self":[{"href":"http:\/\/lecarreblanc90.fr\/2019\/wp-json\/wp\/v2\/pages\/2","targetHints":{"allow":["GET"]}}],"collection":[{"href":"http:\/\/lecarreblanc90.fr\/2019\/wp-json\/wp\/v2\/pages"}],"about":[{"href":"http:\/\/lecarreblanc90.fr\/2019\/wp-json\/wp\/v2\/types\/page"}],"author":[{"embeddable":true,"href":"http:\/\/lecarreblanc90.fr\/2019\/wp-json\/wp\/v2\/users\/1"}],"replies":[{"embeddable":true,"href":"http:\/\/lecarreblanc90.fr\/2019\/wp-json\/wp\/v2\/comments?post=2"}],"version-history":[{"count":550,"href":"http:\/\/lecarreblanc90.fr\/2019\/wp-json\/wp\/v2\/pages\/2\/revisions"}],"predecessor-version":[{"id":2880,"href":"http:\/\/lecarreblanc90.fr\/2019\/wp-json\/wp\/v2\/pages\/2\/revisions\/2880"}],"wp:attachment":[{"href":"http:\/\/lecarreblanc90.fr\/2019\/wp-json\/wp\/v2\/media?parent=2"}],"curies":[{"name":"wp","href":"https:\/\/api.w.org\/{rel}","templated":true}]}}