{"id":38,"date":"2019-05-18T17:36:56","date_gmt":"2019-05-18T15:36:56","guid":{"rendered":"http:\/\/lecarreblanc90.fr\/2019\/mesmerize\/"},"modified":"2025-08-22T08:21:04","modified_gmt":"2025-08-22T06:21:04","slug":"mesmerize","status":"publish","type":"page","link":"http:\/\/lecarreblanc90.fr\/2019\/","title":{"rendered":"Bienvenue"},"content":{"rendered":"<div  data-label=\"About\" data-id=\"about--1\" data-export-id=\"about-5\" data-category=\"about\" class=\"about-5 content-section content-section-spacing white-text\" id=\"about-1\" style=\"background-color: rgb(52, 58, 64); background-image: none;\"><div  class=\"gridContainer\"> <div  class=\"row middle-sm text-center\"><div  class=\"col-sm-6 space-bottom-xs\" data-type=\"column\"> <h5  class=\"\"><span  style=\"color: rgb(251, 249, 245);\">ACTUALITE du Carr\u00e9 Blanc <\/span><\/h5> <h2  class=\"\"><span  style=\"font-weight: 400; color: rgb(255, 51, 105);\">Club d\u00e9finitivement ferm\u00e9<\/span><\/h2>  <p  class=\"lead\">\u2014\u2014\u2014\u2014\u2014\u2014<\/p><\/div> <div  class=\"col-sm-6 flexbox image-group-right-2 around-xs top-xs space-bottom-xs\"><div  class=\"left-el\"> <img  decoding=\"async\" class=\"shadow-large\" data-size=\"300x430\" src=\"http:\/\/lecarreblanc90.fr\/2019\/wp-content\/uploads\/2025\/02\/07_closed.jpg\" title=\"07_closed\" alt=\"\"><\/div> <div  class=\"right-el\"> <img  decoding=\"async\" class=\"shadow-large\" data-size=\"300x430\" src=\"http:\/\/lecarreblanc90.fr\/2019\/wp-content\/uploads\/2025\/02\/07_closed.jpg\" title=\"07_closed\" alt=\"\"><\/div> <div  class=\"center-overlay inner-shadow border-large\"><\/div><\/div> <\/div><\/div> <\/div>","protected":false},"excerpt":{"rendered":"<p>ACTUALITE du Carr\u00e9 Blanc Club d\u00e9finitivement ferm\u00e9 \u2014\u2014\u2014\u2014\u2014\u2014<\/p>\n","protected":false},"author":1,"featured_media":0,"parent":0,"menu_order":0,"comment_status":"closed","ping_status":"closed","template":"page-templates\/homepage.php","meta":{"footnotes":""},"class_list":["post-38","page","type-page","status-publish","hentry"],"_links":{"self":[{"href":"http:\/\/lecarreblanc90.fr\/2019\/wp-json\/wp\/v2\/pages\/38","targetHints":{"allow":["GET"]}}],"collection":[{"href":"http:\/\/lecarreblanc90.fr\/2019\/wp-json\/wp\/v2\/pages"}],"about":[{"href":"http:\/\/lecarreblanc90.fr\/2019\/wp-json\/wp\/v2\/types\/page"}],"author":[{"embeddable":true,"href":"http:\/\/lecarreblanc90.fr\/2019\/wp-json\/wp\/v2\/users\/1"}],"replies":[{"embeddable":true,"href":"http:\/\/lecarreblanc90.fr\/2019\/wp-json\/wp\/v2\/comments?post=38"}],"version-history":[{"count":215,"href":"http:\/\/lecarreblanc90.fr\/2019\/wp-json\/wp\/v2\/pages\/38\/revisions"}],"predecessor-version":[{"id":2884,"href":"http:\/\/lecarreblanc90.fr\/2019\/wp-json\/wp\/v2\/pages\/38\/revisions\/2884"}],"wp:attachment":[{"href":"http:\/\/lecarreblanc90.fr\/2019\/wp-json\/wp\/v2\/media?parent=38"}],"curies":[{"name":"wp","href":"https:\/\/api.w.org\/{rel}","templated":true}]}}