{"id":95,"date":"2019-05-18T21:06:43","date_gmt":"2019-05-18T19:06:43","guid":{"rendered":"http:\/\/lecarreblanc90.fr\/2019\/?page_id=95"},"modified":"2024-10-09T20:50:01","modified_gmt":"2024-10-09T18:50:01","slug":"contact","status":"publish","type":"page","link":"http:\/\/lecarreblanc90.fr\/2019\/contact\/","title":{"rendered":"Contact"},"content":{"rendered":"\n<p class=\"has-medium-font-size\"><strong>Contact T\u00e9l\u00e9phonique :<\/strong>&nbsp; Gilles au 06 81 10 62 47<\/p>\n\n\n\n<p class=\"has-medium-font-size\"><\/p>\n\n\n\n<p class=\"has-medium-font-size\"><strong>Notre adresse  :<\/strong> Le Carr\u00e9 Blanc \u2013 105 Grande rue \u2013 90330 Chaux<\/p>\n\n\n<div class=\"wp-block-image\">\n<figure class=\"aligncenter\"><img loading=\"lazy\" decoding=\"async\" width=\"502\" height=\"494\" src=\"http:\/\/lecarreblanc90.fr\/2019\/wp-content\/uploads\/2019\/06\/map.jpg\" alt=\"\" class=\"wp-image-200\" srcset=\"http:\/\/lecarreblanc90.fr\/2019\/wp-content\/uploads\/2019\/06\/map.jpg 502w, http:\/\/lecarreblanc90.fr\/2019\/wp-content\/uploads\/2019\/06\/map-300x295.jpg 300w\" sizes=\"auto, (max-width: 502px) 100vw, 502px\" \/><\/figure>\n<\/div>\n\n\n<p><\/p>\n\n\n\n<p><\/p>\n","protected":false},"excerpt":{"rendered":"<p>Contact T\u00e9l\u00e9phonique :&nbsp; Gilles au 06 81 10 62 47 Notre adresse : Le Carr\u00e9 Blanc \u2013 105 Grande rue \u2013 90330 Chaux<\/p>\n","protected":false},"author":1,"featured_media":0,"parent":0,"menu_order":0,"comment_status":"closed","ping_status":"closed","template":"","meta":{"footnotes":""},"class_list":["post-95","page","type-page","status-publish","hentry"],"_links":{"self":[{"href":"http:\/\/lecarreblanc90.fr\/2019\/wp-json\/wp\/v2\/pages\/95","targetHints":{"allow":["GET"]}}],"collection":[{"href":"http:\/\/lecarreblanc90.fr\/2019\/wp-json\/wp\/v2\/pages"}],"about":[{"href":"http:\/\/lecarreblanc90.fr\/2019\/wp-json\/wp\/v2\/types\/page"}],"author":[{"embeddable":true,"href":"http:\/\/lecarreblanc90.fr\/2019\/wp-json\/wp\/v2\/users\/1"}],"replies":[{"embeddable":true,"href":"http:\/\/lecarreblanc90.fr\/2019\/wp-json\/wp\/v2\/comments?post=95"}],"version-history":[{"count":9,"href":"http:\/\/lecarreblanc90.fr\/2019\/wp-json\/wp\/v2\/pages\/95\/revisions"}],"predecessor-version":[{"id":2596,"href":"http:\/\/lecarreblanc90.fr\/2019\/wp-json\/wp\/v2\/pages\/95\/revisions\/2596"}],"wp:attachment":[{"href":"http:\/\/lecarreblanc90.fr\/2019\/wp-json\/wp\/v2\/media?parent=95"}],"curies":[{"name":"wp","href":"https:\/\/api.w.org\/{rel}","templated":true}]}}